{"id":1650,"date":"2023-09-14T19:27:33","date_gmt":"2023-09-14T19:27:33","guid":{"rendered":"https:\/\/borne.tourismewendake.ca\/?page_id=1650"},"modified":"2026-02-12T21:38:46","modified_gmt":"2026-02-12T21:38:46","slug":"regalia","status":"publish","type":"page","link":"https:\/\/borne.tourismewendake.ca\/en\/pow-wow\/regalia\/","title":{"rendered":"R\u00e9galia"},"content":{"rendered":"<h4>Le regalia: porteur d\u2019identit\u00e9<\/h4>\n<p>Le regalia est con\u00e7u enti\u00e8rement des mains de celui qui le rev\u00eat. Pour le danseur ou la danseuse qui porte cet habit traditionnel, et qui l\u2019a pr\u00e9alablement vu en r\u00eave, le regalia repr\u00e9sente son identit\u00e9 ainsi que son lien avec la danse et la communaut\u00e9. Il symbolise l\u2019appartenance aux Premi\u00e8res Nations et renseigne sur les origines, les croyances et la spiritualit\u00e9 de chacun.<\/p>\n<p>Dans le regalia, les plumes ne sont pas \u00e0 prendre \u00e0 la l\u00e9g\u00e8re! Le danseur ou la danseuse doit m\u00e9riter les plumes dont son regalia est couvert: soit que les plumes lui ont \u00e9t\u00e9 offertes, soit que les plumes ont \u00e9t\u00e9 trouv\u00e9es. Si une plume tombe du regalia, il ne faut pas la ramasser. Dans un rituel sacr\u00e9, ce sont les a\u00een\u00e9s qui vont la recueillir et \u00e9valuer son authenticit\u00e9. Une danse pr\u00e9c\u00e8dera son retrait du sol.<\/p>\n","protected":false},"excerpt":{"rendered":"<p>Le regalia: porteur d\u2019identit\u00e9 Le regalia est con\u00e7u enti\u00e8rement des mains de celui qui le rev\u00eat.[&#8230;]<\/p>\n","protected":false},"author":2,"featured_media":1652,"parent":19,"menu_order":3,"comment_status":"closed","ping_status":"closed","template":"","meta":{"_acf_changed":false,"yasr_overall_rating":0,"yasr_post_is_review":"","yasr_auto_insert_disabled":"","yasr_review_type":"","footnotes":""},"class_list":["post-1650","page","type-page","status-publish","has-post-thumbnail","hentry"],"acf":[],"yasr_visitor_votes":{"stars_attributes":{"read_only":false,"span_bottom":false},"number_of_votes":0,"sum_votes":0},"_links":{"self":[{"href":"https:\/\/borne.tourismewendake.ca\/en\/wp-json\/wp\/v2\/pages\/1650","targetHints":{"allow":["GET"]}}],"collection":[{"href":"https:\/\/borne.tourismewendake.ca\/en\/wp-json\/wp\/v2\/pages"}],"about":[{"href":"https:\/\/borne.tourismewendake.ca\/en\/wp-json\/wp\/v2\/types\/page"}],"author":[{"embeddable":true,"href":"https:\/\/borne.tourismewendake.ca\/en\/wp-json\/wp\/v2\/users\/2"}],"replies":[{"embeddable":true,"href":"https:\/\/borne.tourismewendake.ca\/en\/wp-json\/wp\/v2\/comments?post=1650"}],"version-history":[{"count":2,"href":"https:\/\/borne.tourismewendake.ca\/en\/wp-json\/wp\/v2\/pages\/1650\/revisions"}],"predecessor-version":[{"id":1654,"href":"https:\/\/borne.tourismewendake.ca\/en\/wp-json\/wp\/v2\/pages\/1650\/revisions\/1654"}],"up":[{"embeddable":true,"href":"https:\/\/borne.tourismewendake.ca\/en\/wp-json\/wp\/v2\/pages\/19"}],"wp:featuredmedia":[{"embeddable":true,"href":"https:\/\/borne.tourismewendake.ca\/en\/wp-json\/wp\/v2\/media\/1652"}],"wp:attachment":[{"href":"https:\/\/borne.tourismewendake.ca\/en\/wp-json\/wp\/v2\/media?parent=1650"}],"curies":[{"name":"wp","href":"https:\/\/api.w.org\/{rel}","templated":true}]}}