{"id":1238,"date":"2018-03-09T21:23:24","date_gmt":"2018-03-09T20:23:24","guid":{"rendered":"http:\/\/dev.tourismewendake.ca\/?page_id=1238"},"modified":"2023-09-14T19:31:07","modified_gmt":"2023-09-14T19:31:07","slug":"information-danseur","status":"publish","type":"page","link":"https:\/\/borne.tourismewendake.ca\/en\/pow-wow\/information-danseur\/","title":{"rendered":"Information &#8211; danseur (se)"},"content":{"rendered":"<ul>\n<li>\n<h5>2 NOUVEAUT\u00c9S POUR L&#8217;\u00c9DITION 2023<br \/>\n*Nouvelle cat\u00e9gorie de comp\u00e9tition : danse de la fum\u00e9e ! (Smoke Dance) | Smoke dance Singer : DJ White de Akwesasne<br \/>\n**Les 150 premi\u00e8res inscriptions du samedi recevront un cachet de 50$<\/h5>\n<p>&nbsp;<\/p>\n<p>Frais d&#8217;inscriptions aux comp\u00e9titions de danses : 25$, 12 ans et plus | 5$, 11 ans et moins<\/p>\n<p>Frais d&#8217;inscriptions \u00e0 la comp\u00e9tition Danse de fum\u00e9e (Smoke danse) : 10$, 12 ans et plus | 5$, 11 ans et moins<\/p>\n<p>Frais d&#8217;inscriptions pour les danses traditionnelles Pow Wow (sans comp\u00e9titions) : 5$, 12 ans et plus | 0$, 11 ans et moins<\/p>\n<p>Date et heure d&#8217;inscription : Samedi, 1er juillet 2023 de 9h \u00e0 12h<\/p>\n<p>Lieu des inscriptions : Kiosque qui se trouve \u00e0 l&#8217;entr\u00e9e #2 du Cercle de danse<\/p>\n<p>Grande entr\u00e9e des danseurs : 1er et 2 juillet \u00e0 12h00<\/p>\n<p>Total en prix pour les bourses : 50 000 $<\/p>\n<p>Un prix coup de c\u0153ur du public sera remis \u00e0 la fin de la journ\u00e9e de samedi et de dimanche.\u00a0 Cat\u00e9gories : homme, femme, enfant<\/p>\n<p>************************************************************************************<\/p>\n<p>Directeur Ar\u00e9na : Ray Deer<br \/>\nDanseurs principaux : Samuel Savard &amp; Kawirennote Deer<br \/>\nJuge principal : Gilbet Niquay<br \/>\nTambour d&#8217;accueil principal : Redtail Spirit Singers<br \/>\nTambour coanimateur : Northern Voice<br \/>\nMa\u00eetre de c\u00e9r\u00e9monie : Charles Bender<\/p>\n<p>************************************************************************************<\/p>\n<p><strong>Camping pour les danseurs<\/strong><\/p>\n<p>Emplacement pour tente au terrain de soccer de Wendake \u00e0 c\u00f4t\u00e9 du Conseil de la Nation huronne-wendat.\u00a0 Une toilette sera install\u00e9 sur place pour les danseurs.<strong> Interdiction de faire un feu.<\/strong><\/p>\n<p>Stationnement gratuit pour les roulottes au Conseil de la Nation huronne-wendat<\/p>\n<p>&nbsp;<\/li>\n<\/ul>\n","protected":false},"excerpt":{"rendered":"<p>2 NOUVEAUT\u00c9S POUR L&#8217;\u00c9DITION 2023 *Nouvelle cat\u00e9gorie de comp\u00e9tition : danse de la fum\u00e9e ! (Smoke[&#8230;]<\/p>\n","protected":false},"author":1,"featured_media":1652,"parent":19,"menu_order":22,"comment_status":"closed","ping_status":"closed","template":"","meta":{"_acf_changed":false,"yasr_overall_rating":0,"yasr_post_is_review":"","yasr_auto_insert_disabled":"","yasr_review_type":"","footnotes":""},"class_list":["post-1238","page","type-page","status-publish","has-post-thumbnail","hentry"],"acf":[],"yasr_visitor_votes":{"stars_attributes":{"read_only":false,"span_bottom":false},"number_of_votes":0,"sum_votes":0},"_links":{"self":[{"href":"https:\/\/borne.tourismewendake.ca\/en\/wp-json\/wp\/v2\/pages\/1238","targetHints":{"allow":["GET"]}}],"collection":[{"href":"https:\/\/borne.tourismewendake.ca\/en\/wp-json\/wp\/v2\/pages"}],"about":[{"href":"https:\/\/borne.tourismewendake.ca\/en\/wp-json\/wp\/v2\/types\/page"}],"author":[{"embeddable":true,"href":"https:\/\/borne.tourismewendake.ca\/en\/wp-json\/wp\/v2\/users\/1"}],"replies":[{"embeddable":true,"href":"https:\/\/borne.tourismewendake.ca\/en\/wp-json\/wp\/v2\/comments?post=1238"}],"version-history":[{"count":4,"href":"https:\/\/borne.tourismewendake.ca\/en\/wp-json\/wp\/v2\/pages\/1238\/revisions"}],"predecessor-version":[{"id":1649,"href":"https:\/\/borne.tourismewendake.ca\/en\/wp-json\/wp\/v2\/pages\/1238\/revisions\/1649"}],"up":[{"embeddable":true,"href":"https:\/\/borne.tourismewendake.ca\/en\/wp-json\/wp\/v2\/pages\/19"}],"wp:featuredmedia":[{"embeddable":true,"href":"https:\/\/borne.tourismewendake.ca\/en\/wp-json\/wp\/v2\/media\/1652"}],"wp:attachment":[{"href":"https:\/\/borne.tourismewendake.ca\/en\/wp-json\/wp\/v2\/media?parent=1238"}],"curies":[{"name":"wp","href":"https:\/\/api.w.org\/{rel}","templated":true}]}}