{"id":1181,"date":"2018-03-09T21:09:36","date_gmt":"2018-03-09T20:09:36","guid":{"rendered":"http:\/\/dev.tourismewendake.ca\/?page_id=1181"},"modified":"2023-09-14T19:33:08","modified_gmt":"2023-09-14T19:33:08","slug":"danses-traditionnelles","status":"publish","type":"page","link":"https:\/\/borne.tourismewendake.ca\/en\/pow-wow\/danses-traditionnelles\/","title":{"rendered":"Danses traditionnelles"},"content":{"rendered":"<div id=\"c4820\">\n<div id=\"c4820\">\n<p><strong>Y\u00c4NRAWAHCHA&#8217; (mot wendat signifiant &#8216;danse&#8217;)<\/strong><\/p>\n<p><strong>ETHATINRAWAS (mot wendat signifiant &#8216;l\u00e0 o\u00f9 ils dansent&#8217;)<\/strong><\/p>\n<p><strong>LA GRANDE ENTR\u00c9E<\/strong><\/p>\n<p>Durant cette danse d\u2019ouverture, les porteurs de drapeaux sont les premi\u00e8res personnes \u00e0 faire leur entr\u00e9e. Il s\u2019agit souvent d\u2019anciens combattants \u00e0 qui l\u2019on demande de porter le drapeau. Les chefs, les sages et les dirigeants de bandes leur embo\u00eetent le pas. Finalement, les danseurs entrent dans la ronde; les hommes pr\u00e9c\u00e8dent les femmes, puis arrivent les enfants. \u00c0 cause du caract\u00e8re sacr\u00e9 de cette danse, nous demandons aux spectateurs de ne pas prendre de photographies lors de cette danse.<span lang=\"EN-CA\">\u00a0<\/span><\/p>\n<p><strong>LE TAMBOUR<\/strong><\/p>\n<p>Le tambour est le c\u0153ur m\u00eame du pow wow et il ne pourrait y avoir de pow wow sans tambour. Le tambour repr\u00e9sente les battements de c\u0153ur de la M\u00e8re Terre.\u00a0 Il donne le rythme aux danseurs et ceux-ci l\u2019honorent \u00e0 chaque danse.<\/p>\n<p><strong>LA DANSE TRADITIONNELLE DES HOMMES<\/strong><\/p>\n<p><span lang=\"EN-CA\">Cette danse est sans doute la plus ancienne des pow wow. Chaque danseur, \u00e0\u00a0<\/span>sa fa\u00e7on, honore le guerrier en lui. Il raconte par ses danses des histoires de chasse et de guerre v\u00e9cues par ses anc\u00eatres. Il s\u2019agit d\u2019un moment tr\u00e8s spirituel du pow wow.<\/p>\n<p><strong>LA DANSE DES HERBES SACR\u00c9ES POUR LES HOMMES OU GRASS DANCE<\/strong><\/p>\n<p>C\u2019est dans les plaines que cette danse a pris naissance. Elle rappelle le temps o\u00f9 les hommes, avant d\u2019\u00e9tablir leur campement, devaient aplatir les hautes herbes. Les danseurs pi\u00e9tinent la terre pour rappeler cette ancienne tradition.<\/p>\n<p><strong>LA DANSE \u00ab\u2009FANCY\u2009\u00bb POUR LES HOMMES<\/strong><\/p>\n<p>Cette danse, qui a vu le jour dans les ann\u00e9es\u00a020 en Oklahoma pour divertir les visiteurs des r\u00e9serves autochtones, est sans doute la plus impressionnante et la plus color\u00e9e des danses de pow-wow. Les danseurs v\u00eatus d\u2019habits tr\u00e8s \u00e9labor\u00e9s dansent sur un rythme tr\u00e8s rapide. Cette danse est habituellement ex\u00e9cut\u00e9e par les plus jeunes danseurs puisqu\u2019elle demande une tr\u00e8s grande forme physique.<\/p>\n<p><strong>LA DANSE TRADITIONNELLE DES FEMMES<\/strong><\/p>\n<p>Cette danse tr\u00e8s noble rend honneur aux liens qui unissent la femme \u00e0 la M\u00e8re Terre.\u00a0 Tout au long de cette danse, les danseuses ex\u00e9cuteront des mouvements lents et ne soul\u00e8veront presque pas leurs pieds du sol afin de conserver le lien sacr\u00e9 qu\u2019elles ont avec la m\u00e8re Terre.<\/p>\n<p><strong>LA DANSE DU CH\u00c2LE<\/strong><\/p>\n<p>Dans les ann\u00e9es\u00a050, les femmes ne pouvaient danser \u00e0 l\u2019int\u00e9rieur du cercle, c\u2019est apr\u00e8s qu\u2019une danseuse se soit introduite dans le cercle de danse d\u00e9guis\u00e9 en homme que les femmes ont acquis le droit d\u2019entr\u00e9e dans le cercle de danse, au d\u00e9but, elles dansaient avec leurs couvertures et au fil des ann\u00e9es elles y ont ajout\u00e9 des rubans et des broderies pour en faire la danse color\u00e9e que nous connaissons aujourd\u2019hui. Les mouvements des danseuses nous rappellent souvent ceux d\u2019un papillon.<\/p>\n<p><strong>LA DANSE DES CLOCHETTES<\/strong><\/p>\n<p>Selon la l\u00e9gende, Maggie White, une jeune Ojibwe, tomba tr\u00e8s malade.\u00a0 Alors qu\u2019elle \u00e9tait agonisante et que personne ne savait comment la gu\u00e9rir, son grand-p\u00e8re r\u00eava d\u2019une fillette v\u00eatue d\u2019une robe orn\u00e9e de larmes. \u00c0 son r\u00e9veil, il en parla aux ain\u00e9es de son village et les femmes d\u00e9cid\u00e8rent de confectionner une robe orn\u00e9e de couvercles de bo\u00eetes de tabac roul\u00e9s rappelant la forme de larmes.\u00a0 Il est dit que, la premi\u00e8re journ\u00e9e o\u00f9 la petite Maggie porta sa robe, elle arriva \u00e0 s\u2019asseoir dans son lit; la seconde, elle marcha et, la troisi\u00e8me journ\u00e9e, elle dansa, compl\u00e8tement gu\u00e9rie de sa myst\u00e9rieuse maladie. Aujourd\u2019hui, il arrive que nous demandions \u00e0 certaines danseuses de danser pour la gu\u00e9rison de personnes malades.<\/p>\n<p>La confection de cette robe doit se faire sur une p\u00e9riode d\u2019un an. Une clochette par jour doit \u00eatre install\u00e9e sur la robe; \u00e0 l\u2019int\u00e9rieur de celle-ci se trouvera du tabac dans une pochette. La danseuse aura pris soin de prier avec cette pochette de tabac avant de l\u2019ins\u00e9rer dans la clochette. \u00c0 la fin de l\u2019ann\u00e9e, il y aura 365 clochettes qui seront install\u00e9es sur la robe. La robe de clochettes (jingle dress) est la robe de la m\u00e9decine. La danseuse envoie ses 365 pri\u00e8res au cr\u00e9ateur durant sa danse.<\/p>\n<p><strong>SMOKE DANCE<\/strong><\/p>\n<p>Sur le circuit des pow-wow, au milieu de danses plus courantes comme la danse traditionnelle et la danse de l&#8217;herbe, la Smoke Dance \u00e9tait parfois ex\u00e9cut\u00e9e comme danse sp\u00e9ciale, \u00e0 partir des ann\u00e9es 1920 ou 1930. La Smoke Dance est \u00e0 l&#8217;origine une danse de guerre, qui n&#8217;\u00e9tait dans\u00e9e que par les hommes. La Smoke Dance telle qu&#8217;elle est pratiqu\u00e9e aujourd&#8217;hui est une cr\u00e9ation r\u00e9cente. Bien qu&#8217;elle ne soit pas consid\u00e9r\u00e9e comme une chanson de la Terre (chanson sociale), elle a r\u00e9cemment gagn\u00e9 en popularit\u00e9 gr\u00e2ce aux concours de Smoke Dance. Au cours des derni\u00e8res d\u00e9cennies, lors de spectacles ou d&#8217;expositions de chants et de danses iroquois, certains chanteurs ont acc\u00e9l\u00e9r\u00e9 le tempo des anciennes &#8220;danses de guerre&#8221; pour voir si les danseurs pouvaient suivre. C&#8217;est ainsi qu&#8217;est n\u00e9e la &#8220;Smoke Dance&#8221;. Lors des concours de Smoke Dance, les hommes chantent \u00e0 la fois les nouvelles danses de guerre, plus rapide, et les anciennes, plus lentes, tandis que les femmes ne dansent que sur les chansons les plus rapides.<\/p>\n<p>La musique et les habits sont simples, mais \u00e9l\u00e9gants. La musique est assur\u00e9e par un chanteur soliste et un seul tambour d&#8217;eau, bien que certains chanteurs utilisent un tambour de peau, ce qui cr\u00e9e un son plus profond. Les habits des femmes, des robes en tissu orn\u00e9es de perles ou d&#8217;appliques, sont relativement sobres, tout comme ceux des hommes, qui sont d\u00e9pourvus de buste et portent souvent une coiffe de plumes, voire un pagne par-dessus un haut et un pantalon en tissu, parfois orn\u00e9 de perles plates ou en relief.<\/p>\n<p>&nbsp;<\/p>\n<p>Aujourd&#8217;hui, la Smoke Dance est strictement une danse de spectacle ; c&#8217;est une danse de comp\u00e9tition ou une danse sp\u00e9ciale, qui n&#8217;est g\u00e9n\u00e9ralement pas trait\u00e9e avec la c\u00e9r\u00e9monie qu&#8217;elle a pu avoir autrefois. En tant que danse de spectacle, elle est splendide : le rythme rapide incite les danseurs (es) \u00e0 traverser l&#8217;ar\u00e8ne de danse comme si elles \u00e9taient dans les airs. Comme pour toutes les danses, il est essentiel de terminer sur le dernier battement du tambour et de rester sur le rythme.<\/p>\n<\/div>\n<div id=\"c4822\">\n<div><\/div>\n<p>&nbsp;<\/p>\n<\/div>\n<\/div>\n","protected":false},"excerpt":{"rendered":"<p>Y\u00c4NRAWAHCHA&#8217; (mot wendat signifiant &#8216;danse&#8217;) ETHATINRAWAS (mot wendat signifiant &#8216;l\u00e0 o\u00f9 ils dansent&#8217;) LA GRANDE ENTR\u00c9E[&#8230;]<\/p>\n","protected":false},"author":1,"featured_media":1652,"parent":19,"menu_order":33,"comment_status":"closed","ping_status":"closed","template":"","meta":{"_acf_changed":false,"yasr_overall_rating":0,"yasr_post_is_review":"","yasr_auto_insert_disabled":"","yasr_review_type":"","footnotes":""},"class_list":["post-1181","page","type-page","status-publish","has-post-thumbnail","hentry"],"acf":[],"yasr_visitor_votes":{"stars_attributes":{"read_only":false,"span_bottom":false},"number_of_votes":0,"sum_votes":0},"_links":{"self":[{"href":"https:\/\/borne.tourismewendake.ca\/en\/wp-json\/wp\/v2\/pages\/1181","targetHints":{"allow":["GET"]}}],"collection":[{"href":"https:\/\/borne.tourismewendake.ca\/en\/wp-json\/wp\/v2\/pages"}],"about":[{"href":"https:\/\/borne.tourismewendake.ca\/en\/wp-json\/wp\/v2\/types\/page"}],"author":[{"embeddable":true,"href":"https:\/\/borne.tourismewendake.ca\/en\/wp-json\/wp\/v2\/users\/1"}],"replies":[{"embeddable":true,"href":"https:\/\/borne.tourismewendake.ca\/en\/wp-json\/wp\/v2\/comments?post=1181"}],"version-history":[{"count":2,"href":"https:\/\/borne.tourismewendake.ca\/en\/wp-json\/wp\/v2\/pages\/1181\/revisions"}],"predecessor-version":[{"id":1664,"href":"https:\/\/borne.tourismewendake.ca\/en\/wp-json\/wp\/v2\/pages\/1181\/revisions\/1664"}],"up":[{"embeddable":true,"href":"https:\/\/borne.tourismewendake.ca\/en\/wp-json\/wp\/v2\/pages\/19"}],"wp:featuredmedia":[{"embeddable":true,"href":"https:\/\/borne.tourismewendake.ca\/en\/wp-json\/wp\/v2\/media\/1652"}],"wp:attachment":[{"href":"https:\/\/borne.tourismewendake.ca\/en\/wp-json\/wp\/v2\/media?parent=1181"}],"curies":[{"name":"wp","href":"https:\/\/api.w.org\/{rel}","templated":true}]}}