{"id":1141,"date":"2018-03-09T21:02:24","date_gmt":"2018-03-09T20:02:24","guid":{"rendered":"http:\/\/dev.tourismewendake.ca\/?page_id=1141"},"modified":"2023-09-14T19:30:51","modified_gmt":"2023-09-14T19:30:51","slug":"quest-ce-quun-pow-wow","status":"publish","type":"page","link":"https:\/\/borne.tourismewendake.ca\/en\/pow-wow\/quest-ce-quun-pow-wow\/","title":{"rendered":"Qu&#8217;est-ce qu&#8217;un Pow Wow"},"content":{"rendered":"<div id=\"c3025\">\n<div id=\"c3025\">\n<p><a href=\"https:\/\/youtu.be\/CvGgz6dzcVc\" target=\"_blank\" rel=\"noopener\">Vid\u00e9o promotionnelle 2023<\/a><\/p>\n<h2>Le Pow Wow<\/h2>\n<p>Pratique ancestrale, danse, rassemblement, affirmation culturelle\u2026 c\u2019est tout \u00e7a, un pow-wow\u2009! C\u2019est surtout un moment unique, o\u00f9 nous sommes tous convi\u00e9s \u00e0 un grand partage. Voici quelques \u00e9l\u00e9ments, dont la danse et le regalia, pour comprendre ce que veut dire, aujourd\u2019hui, un pow-wow.<\/p>\n<p>Pour les Autochtones, le pow-wow est un moyen d\u2019affirmer leur culture, et ce, depuis des g\u00e9n\u00e9rations. Il incarne la solidarit\u00e9 entre les Nations. Si les pow-wow sont des \u00e9v\u00e9nements ouverts \u00e0 toutes les communaut\u00e9s autochtones, ils le sont aussi aux allochtones. Ce rendez-vous annuel demeure tr\u00e8s important aujourd\u2019hui, car il encourage le rapprochement entre les peuples\u2009; il s\u2019agit d\u2019une occasion unique de vivre et de partager culture et traditions lors des week-ends de l\u2019\u00e9t\u00e9, de mai \u00e0 septembre, dans une trentaine de communaut\u00e9s du Qu\u00e9bec autochtones.<\/p>\n<h2>Type de Pow Wow<\/h2>\n<p>Il existe principalement deux types de pow-wow\u00a0: le traditionnel et celui de comp\u00e9tition. Les Pow-wow tels que connus aujourd\u2019hui ont pris naissance dans l\u2019Ouest canadien et am\u00e9ricain. De plus en plus populaire, un pow-wow est devenu pour tous une occasion d\u2019apprendre \u00e0 conna\u00eetre la culture et les modes de vie autant traditionnels que modernes des Autochtones. Pour les autochtones, c\u2019est une occasion de la partager. On retrouve, entre autres, des artisans et des artistes autochtones, de la nourriture traditionnelle, des danseurs, des joueurs de tambours et bien s\u00fbr, des spectateurs\u2009!<\/p>\n<h2>Le partage<\/h2>\n<p>La notion de partage est tr\u00e8s importante, car dans le partage, l\u2019\u00e9galit\u00e9 est essentielle\u2009; c\u2019est l\u2019essence du cercle, tout ce qui est cr\u00e9\u00e9 par le Cr\u00e9ateur est sur le m\u00eame pied d\u2019\u00e9galit\u00e9. C\u2019est pourquoi vous retrouverez les danses dans un grand Cercle. M\u00eame si les danseurs et les joueurs de tambours s\u2019y retrouvent au centre, les spectateurs en font aussi partie et ont leur importance. Les danseurs et les joueurs de tambours viennent vous partager une partie de leur identit\u00e9 culturelle, mais il n\u2019y a pas de partage unique, les spectateurs partagent eux aussi leur \u00e9nergie, leur pr\u00e9sence, leur int\u00e9r\u00eat et les danses lors de moment sp\u00e9cifiquement d\u00e9sign\u00e9 \u00e0 cet effet.<\/p>\n<p>Soyez assur\u00e9 que tous sont les bienvenus, plus grand est le nombre, plus grand est le partage\u2009! Le Pow-wow international de Wendake se d\u00e9marque de deux fa\u00e7ons, soit par sa d\u00e9nomination de pow-wow de comp\u00e9tition et par son c\u00f4t\u00e9 urbain. Des danseurs de partout en Am\u00e9rique viennent y prendre place. De par son c\u00f4t\u00e9 urbain, la communaut\u00e9 \u00e9tant enclav\u00e9e dans la ville de Qu\u00e9bec, Wendake devient un lieu de rencontre facile d\u2019acc\u00e8s autant pour les danseurs, les joueurs de tambours, les artisans que pour les spectateurs, bref c\u2019est un rendez-vous attendu par tous chaque ann\u00e9e\u2009!<\/p>\n<h2>Cercle de danse<\/h2>\n<p>Le cercle de danse, situ\u00e9 pr\u00e8s de la rivi\u00e8re Akiawenhrahk\u2019, ajoute une dimension naturelle \u00e0 ce pow-wow urbain. En effet, bien que toutes les convenances modernes soient \u00e0 proximit\u00e9, la nature entourant le cercle de danse nous permet de nous sentir pr\u00e8s de la Terre M\u00e8re.<\/p>\n<\/div>\n<\/div>\n","protected":false},"excerpt":{"rendered":"<p>Vid\u00e9o promotionnelle 2023 Le Pow Wow Pratique ancestrale, danse, rassemblement, affirmation culturelle\u2026 c\u2019est tout \u00e7a, un[&#8230;]<\/p>\n","protected":false},"author":1,"featured_media":1652,"parent":19,"menu_order":21,"comment_status":"closed","ping_status":"closed","template":"","meta":{"_acf_changed":false,"yasr_overall_rating":0,"yasr_post_is_review":"","yasr_auto_insert_disabled":"","yasr_review_type":"","footnotes":""},"class_list":["post-1141","page","type-page","status-publish","has-post-thumbnail","hentry"],"acf":[],"yasr_visitor_votes":{"stars_attributes":{"read_only":false,"span_bottom":false},"number_of_votes":0,"sum_votes":0},"_links":{"self":[{"href":"https:\/\/borne.tourismewendake.ca\/en\/wp-json\/wp\/v2\/pages\/1141","targetHints":{"allow":["GET"]}}],"collection":[{"href":"https:\/\/borne.tourismewendake.ca\/en\/wp-json\/wp\/v2\/pages"}],"about":[{"href":"https:\/\/borne.tourismewendake.ca\/en\/wp-json\/wp\/v2\/types\/page"}],"author":[{"embeddable":true,"href":"https:\/\/borne.tourismewendake.ca\/en\/wp-json\/wp\/v2\/users\/1"}],"replies":[{"embeddable":true,"href":"https:\/\/borne.tourismewendake.ca\/en\/wp-json\/wp\/v2\/comments?post=1141"}],"version-history":[{"count":3,"href":"https:\/\/borne.tourismewendake.ca\/en\/wp-json\/wp\/v2\/pages\/1141\/revisions"}],"predecessor-version":[{"id":1657,"href":"https:\/\/borne.tourismewendake.ca\/en\/wp-json\/wp\/v2\/pages\/1141\/revisions\/1657"}],"up":[{"embeddable":true,"href":"https:\/\/borne.tourismewendake.ca\/en\/wp-json\/wp\/v2\/pages\/19"}],"wp:featuredmedia":[{"embeddable":true,"href":"https:\/\/borne.tourismewendake.ca\/en\/wp-json\/wp\/v2\/media\/1652"}],"wp:attachment":[{"href":"https:\/\/borne.tourismewendake.ca\/en\/wp-json\/wp\/v2\/media?parent=1141"}],"curies":[{"name":"wp","href":"https:\/\/api.w.org\/{rel}","templated":true}]}}